{"id":39,"date":"2025-07-29T19:41:12","date_gmt":"2025-07-29T17:41:12","guid":{"rendered":"https:\/\/drnicolasnicolasjamin-urgentiste.fr\/?page_id=39"},"modified":"2025-07-30T11:20:26","modified_gmt":"2025-07-30T09:20:26","slug":"dr-nicolas-jamin","status":"publish","type":"page","link":"https:\/\/drnicolasnicolasjamin-urgentiste.fr\/","title":{"rendered":"Accueil"},"content":{"rendered":"\n<div class=\"wp-block-cover alignfull is-light has-parallax\" style=\"margin-top:0;margin-bottom:0;padding-top:0px;padding-bottom:0px;min-height:500px;aspect-ratio:unset;aspect-ratio:unset;\"><div class=\"wp-block-cover__image-background wp-image-11 size-full has-parallax\" style=\"background-position:50% 50%;background-image:url(https:\/\/drnicolasnicolasjamin-urgentiste.fr\/wp-content\/uploads\/2025\/07\/WhatsApp-Image-2025-07-29-at-18.19.41.jpeg)\"><\/div><span aria-hidden=\"true\" class=\"wp-block-cover__background has-contrast-background-color has-background-dim-10 has-background-dim\"><\/span><div class=\"wp-block-cover__inner-container has-global-padding is-layout-constrained wp-block-cover-is-layout-constrained\">\n<p class=\"has-text-align-center has-base-2-color has-text-color has-link-color has-xx-large-font-size wp-elements-f153718819f3943ee7772ebdb33cfc1e\">Dr Nicolas Jamin<\/p>\n\n\n\n<p class=\"has-text-align-center has-base-2-color has-text-color has-link-color has-medium-font-size wp-elements-a5fd8d666003e75c1b52fc264a3d2757\">M\u00e9decin sp\u00e9cialiste en m\u00e9decine d\u2019urgence \u2013 Laur\u00e9at de la facult\u00e9 Saint-Antoine \u2013 Universit\u00e9 Pierre et Marie Curie (Paris VI)<\/p>\n\n\n\n<figure class=\"wp-block-image aligncenter size-full is-resized\"><a href=\"https:\/\/www.linkedin.com\/in\/dr-nicolas-nicolas-jamin-6bba4a43\/\" target=\"_blank\" rel=\" noreferrer noopener\"><img loading=\"lazy\" decoding=\"async\" width=\"1024\" height=\"1024\" src=\"https:\/\/drnicolasnicolasjamin-urgentiste.fr\/wp-content\/uploads\/2025\/07\/linledin.png\" alt=\"\" class=\"wp-image-91\" style=\"width:36px;height:auto\" srcset=\"https:\/\/drnicolasnicolasjamin-urgentiste.fr\/wp-content\/uploads\/2025\/07\/linledin.png 1024w, https:\/\/drnicolasnicolasjamin-urgentiste.fr\/wp-content\/uploads\/2025\/07\/linledin-300x300.png 300w, https:\/\/drnicolasnicolasjamin-urgentiste.fr\/wp-content\/uploads\/2025\/07\/linledin-150x150.png 150w, https:\/\/drnicolasnicolasjamin-urgentiste.fr\/wp-content\/uploads\/2025\/07\/linledin-768x768.png 768w\" sizes=\"auto, (max-width: 1024px) 100vw, 1024px\" \/><\/a><\/figure>\n<\/div><\/div>\n\n\n\n<div class=\"wp-block-group alignfull has-base-2-background-color has-background has-global-padding is-content-justification-center is-layout-constrained wp-container-core-group-is-layout-07713731 wp-block-group-is-layout-constrained\" style=\"margin-top:0;margin-bottom:0;padding-top:var(--wp--preset--spacing--50);padding-right:var(--wp--preset--spacing--50);padding-bottom:var(--wp--preset--spacing--50);padding-left:var(--wp--preset--spacing--50)\">\n<div class=\"wp-block-group is-vertical is-content-justification-center is-layout-flex wp-container-core-group-is-layout-52b864f0 wp-block-group-is-layout-flex\">\n<h2 class=\"wp-block-heading has-text-align-center is-style-asterisk\">Disponibilit\u00e9 imm\u00e9diate \u2013 2 500 gardes assur\u00e9es<\/h2>\n\n\n\n<div style=\"height:0px\" aria-hidden=\"true\" class=\"wp-block-spacer wp-container-content-4f2ccadb\"><\/div>\n\n\n\n<p class=\"has-text-align-center\"><br>M\u00e9decin urgentiste exp\u00e9riment\u00e9, je suis mobilisable sous 24h pour intervenir dans des structures confront\u00e9es \u00e0 <strong>une vacance m\u00e9dicale<\/strong>, <strong>une surcharge<\/strong>, ou <strong>une instabilit\u00e9 organisationnelle.<\/strong><\/p>\n\n\n\n<div style=\"height:18px\" aria-hidden=\"true\" class=\"wp-block-spacer wp-container-content-7a8a7e73\"><\/div>\n\n\n\n<p class=\"has-text-align-center has-medium-font-size\">Ma pratique repose sur une exigence clinique continue. Elle exige r\u00e9activit\u00e9, rigueur et constance. Elle s\u2019appuie sur une vigilance permanente, une pr\u00e9cision discr\u00e8te, et une capacit\u00e9 d\u2019action imm\u00e9diate dans les contextes les plus instables. Je ne vise pas l\u2019accumulation de missions. Je vise la stabilisation de ce qui menace de rompre. Discr\u00e8tement. Pr\u00e9cis\u00e9ment. Avec exigence et sobri\u00e9t\u00e9.<\/p>\n<\/div>\n<\/div>\n\n\n\n<div class=\"wp-block-columns alignwide is-layout-flex wp-container-core-columns-is-layout-efd365b7 wp-block-columns-is-layout-flex\" style=\"padding-top:10vh;padding-bottom:10vh\">\n<div class=\"wp-block-column is-layout-flow wp-block-column-is-layout-flow\">\n<h3 class=\"wp-block-heading is-style-asterisk\">Cadre d\u2019intervention<\/h3>\n\n\n\n<p>Une m\u00e9thode structur\u00e9e, articul\u00e9e autour de trois axes :<\/p>\n\n\n\n<ul class=\"wp-block-list is-style-checkmark-list\">\n<li>Une analyse rapide des situations complexes<\/li>\n\n\n\n<li>Une prise en charge clinique sans approximation<\/li>\n\n\n\n<li>Une logistique ind\u00e9pendante qui soulage l\u2019organisation locale<\/li>\n<\/ul>\n<\/div>\n\n\n\n<div class=\"wp-block-column is-layout-flow wp-block-column-is-layout-flow\">\n<h3 class=\"wp-block-heading is-style-asterisk\">Territoires &amp; crit\u00e8res d\u2019intervention<\/h3>\n\n\n\n<p>Sollicit\u00e9 dans des environnements exigeants, o\u00f9 l\u2019on attend :<\/p>\n\n\n\n<ul class=\"wp-block-list is-style-checkmark-list\">\n<li>Une capacit\u00e9 d\u2019int\u00e9gration imm\u00e9diate<\/li>\n\n\n\n<li>Une r\u00e9ponse sobre et autonome<\/li>\n\n\n\n<li>Une pr\u00e9sence stable, sans surcharge organisationnelle<\/li>\n<\/ul>\n<\/div>\n<\/div>\n\n\n\n<div class=\"wp-block-columns alignwide is-layout-flex wp-container-core-columns-is-layout-537e27a0 wp-block-columns-is-layout-flex\" style=\"padding-bottom:10vh\">\n<div class=\"wp-block-column is-layout-flow wp-block-column-is-layout-flow\">\n<h3 class=\"wp-block-heading is-style-asterisk\">Ce que je n&rsquo;accepte pas<\/h3>\n\n\n\n<ul class=\"wp-block-list is-style-checkmark-list\">\n<li>Le statut lib\u00e9ral<\/li>\n\n\n\n<li>Les missions sans cadre contractuel<\/li>\n\n\n\n<li>L\u2019improvisation logistique ou organisationnelle<\/li>\n<\/ul>\n<\/div>\n\n\n\n<div class=\"wp-block-column is-layout-flow wp-block-column-is-layout-flow\">\n<h3 class=\"wp-block-heading is-style-asterisk\">Volume d\u2019activit\u00e9<\/h3>\n\n\n\n<ul class=\"wp-block-list is-style-checkmark-list\">\n<li>Statut exclusivement salari\u00e9.<\/li>\n\n\n\n<li>Conditions formalis\u00e9es en amont.<\/li>\n\n\n\n<li>Jusqu\u2019\u00e0 15 gardes de 24h par mois, selon un fonctionnement clair, constant et anticip\u00e9.<\/li>\n<\/ul>\n<\/div>\n<\/div>\n\n\n\n<div class=\"wp-block-group alignfull has-base-background-color has-background has-global-padding is-layout-constrained wp-container-core-group-is-layout-d89aad35 wp-block-group-is-layout-constrained\" style=\"margin-top:0;margin-bottom:0;padding-top:var(--wp--preset--spacing--50);padding-right:var(--wp--preset--spacing--50);padding-bottom:var(--wp--preset--spacing--50);padding-left:var(--wp--preset--spacing--50)\">\n<div class=\"wp-block-columns alignwide is-layout-flex wp-container-core-columns-is-layout-779e3f2a wp-block-columns-is-layout-flex\" style=\"padding-top:0;padding-right:0;padding-bottom:0;padding-left:0\">\n<div class=\"wp-block-column has-global-padding is-content-justification-left is-layout-constrained wp-container-core-column-is-layout-4f15e8fe wp-block-column-is-layout-constrained\" style=\"flex-basis:40%\">\n<h3 class=\"wp-block-heading is-style-default\">Mobilit\u00e9 &amp; fonctionnement<\/h3>\n<\/div>\n\n\n\n<div class=\"wp-block-column is-layout-flow wp-container-core-column-is-layout-119bc444 wp-block-column-is-layout-flow\" style=\"flex-basis:60%\">\n<p class=\"has-body-font-family has-medium-font-size\" style=\"line-height:1.5\">Op\u00e9rationnel sous 24h gr\u00e2ce \u00e0 une logistique de d\u00e9placement totalement autonome (transports, h\u00e9bergement, \u00e9quipement personnel inclus).<\/p>\n\n\n\n<div class=\"wp-block-columns is-layout-flex wp-container-core-columns-is-layout-87beb0d0 wp-block-columns-is-layout-flex\">\n<div class=\"wp-block-column is-layout-flow wp-block-column-is-layout-flow\">\n<p>Zones d\u2019intervention :<\/p>\n\n\n\n<ul style=\"line-height:1.5\" class=\"wp-block-list\">\n<li>France m\u00e9tropolitaine (secteurs public &amp; priv\u00e9)<\/li>\n\n\n\n<li>DOM-TOM<\/li>\n\n\n\n<li>Luxembourg<\/li>\n\n\n\n<li>Suisse (canton de Vaud)<\/li>\n<\/ul>\n<\/div>\n\n\n\n<div class=\"wp-block-column is-layout-flow wp-block-column-is-layout-flow\">\n<p>Expertise imm\u00e9diatement mobilisable, avec une capacit\u00e9 d\u2019int\u00e9gration rapide et respectueuse des dynamiques d\u2019\u00e9quipe, dans une logique de continuit\u00e9 et de s\u00e9curisation des soins.<\/p>\n<\/div>\n<\/div>\n<\/div>\n<\/div>\n<\/div>\n\n\n\n<div class=\"wp-block-group alignfull has-background has-global-padding is-layout-constrained wp-container-core-group-is-layout-d89aad35 wp-block-group-is-layout-constrained\" style=\"background-color:#e6f0fa;margin-top:0;margin-bottom:0;padding-top:var(--wp--preset--spacing--50);padding-right:var(--wp--preset--spacing--50);padding-bottom:var(--wp--preset--spacing--50);padding-left:var(--wp--preset--spacing--50)\">\n<div class=\"wp-block-columns alignwide is-layout-flex wp-container-core-columns-is-layout-fc94daf1 wp-block-columns-is-layout-flex\" style=\"padding-top:0;padding-bottom:0\">\n<div class=\"wp-block-column has-global-padding is-content-justification-left is-layout-constrained wp-container-core-column-is-layout-353cc7fb wp-block-column-is-layout-constrained\" style=\"flex-basis:100%\">\n<h3 class=\"wp-block-heading is-style-default\">\u00c0 Propos<\/h3>\n\n\n\n<p>La m\u00e9decine d\u2019urgence n\u2019est pas une \u00e9tape transitoire. C\u2019est un engagement continu, structur\u00e9 autour de :<\/p>\n\n\n\n<ul class=\"wp-block-list is-style-checkmark-list\">\n<li>La rigueur de m\u00e9thode<\/li>\n\n\n\n<li>La clart\u00e9 d\u2019intervention<\/li>\n\n\n\n<li>L\u2019exigence de qualit\u00e9<\/li>\n<\/ul>\n\n\n\n<p>Chaque mission est pens\u00e9e, pr\u00e9par\u00e9e et conduite selon ces principes. Sans jamais c\u00e9der sur l\u2019essentiel : la qualit\u00e9 des soins et la ma\u00eetrise du cadre.<\/p>\n<\/div>\n<\/div>\n<\/div>\n\n\n\n<div class=\"wp-block-columns alignfull has-base-2-background-color has-background is-layout-flex wp-container-core-columns-is-layout-b653aba5 wp-block-columns-is-layout-flex\" style=\"padding-top:var(--wp--preset--spacing--50);padding-right:var(--wp--preset--spacing--50);padding-bottom:var(--wp--preset--spacing--50);padding-left:var(--wp--preset--spacing--50)\">\n<div class=\"wp-block-column is-layout-flow wp-block-column-is-layout-flow\">\n<h3 class=\"wp-block-heading\">Contact professionnel<\/h3>\n\n\n\n<p>\u2709\ufe0f <a href=\"mailto:drnicolasjamin@gmail.com\">drnicolasjamin@gmail.com<\/a><\/p>\n\n\n\n<p>\ud83d\udcde&nbsp;+33 6 25 46 89 18<\/p>\n\n\n\n<figure class=\"wp-block-image size-full is-resized\"><a href=\"https:\/\/www.linkedin.com\/in\/dr-nicolas-nicolas-jamin-6bba4a43\/\" target=\"_blank\" rel=\" noreferrer noopener\"><img loading=\"lazy\" decoding=\"async\" width=\"1024\" height=\"1024\" src=\"https:\/\/drnicolasnicolasjamin-urgentiste.fr\/wp-content\/uploads\/2025\/07\/linledin.png\" alt=\"\" class=\"wp-image-91\" style=\"width:31px;height:auto\" srcset=\"https:\/\/drnicolasnicolasjamin-urgentiste.fr\/wp-content\/uploads\/2025\/07\/linledin.png 1024w, https:\/\/drnicolasnicolasjamin-urgentiste.fr\/wp-content\/uploads\/2025\/07\/linledin-300x300.png 300w, https:\/\/drnicolasnicolasjamin-urgentiste.fr\/wp-content\/uploads\/2025\/07\/linledin-150x150.png 150w, https:\/\/drnicolasnicolasjamin-urgentiste.fr\/wp-content\/uploads\/2025\/07\/linledin-768x768.png 768w\" sizes=\"auto, (max-width: 1024px) 100vw, 1024px\" \/><\/a><\/figure>\n<\/div>\n\n\n\n<div class=\"wp-block-column is-layout-flow wp-block-column-is-layout-flow\">\n<h3 class=\"wp-block-heading\">Me solliciter<\/h3>\n\n\n\n<p>Pour toute demande, merci de pr\u00e9ciser :<\/p>\n\n\n\n<ul class=\"wp-block-list is-style-checkmark-list\">\n<li>Le lieu d\u2019intervention (ville et structure)<\/li>\n<\/ul>\n<\/div>\n<\/div>\n","protected":false},"excerpt":{"rendered":"<p>Disponibilit\u00e9 imm\u00e9diate \u2013 2 500 gardes assur\u00e9es M\u00e9decin urgentiste exp\u00e9riment\u00e9, je suis mobilisable sous 24h pour intervenir dans des structures confront\u00e9es \u00e0 une vacance m\u00e9dicale, une surcharge, ou une instabilit\u00e9 organisationnelle. Ma pratique repose sur une exigence clinique continue. Elle exige r\u00e9activit\u00e9, rigueur et constance. Elle s\u2019appuie sur une vigilance permanente, une pr\u00e9cision discr\u00e8te, et [&hellip;]<\/p>\n","protected":false},"author":1,"featured_media":0,"parent":0,"menu_order":0,"comment_status":"closed","ping_status":"closed","template":"page-no-title","meta":{"_monsterinsights_skip_tracking":false,"_monsterinsights_sitenote_active":false,"_monsterinsights_sitenote_note":"","_monsterinsights_sitenote_category":0,"footnotes":""},"class_list":["post-39","page","type-page","status-publish","hentry"],"_links":{"self":[{"href":"https:\/\/drnicolasnicolasjamin-urgentiste.fr\/index.php?rest_route=\/wp\/v2\/pages\/39","targetHints":{"allow":["GET"]}}],"collection":[{"href":"https:\/\/drnicolasnicolasjamin-urgentiste.fr\/index.php?rest_route=\/wp\/v2\/pages"}],"about":[{"href":"https:\/\/drnicolasnicolasjamin-urgentiste.fr\/index.php?rest_route=\/wp\/v2\/types\/page"}],"author":[{"embeddable":true,"href":"https:\/\/drnicolasnicolasjamin-urgentiste.fr\/index.php?rest_route=\/wp\/v2\/users\/1"}],"replies":[{"embeddable":true,"href":"https:\/\/drnicolasnicolasjamin-urgentiste.fr\/index.php?rest_route=%2Fwp%2Fv2%2Fcomments&post=39"}],"version-history":[{"count":50,"href":"https:\/\/drnicolasnicolasjamin-urgentiste.fr\/index.php?rest_route=\/wp\/v2\/pages\/39\/revisions"}],"predecessor-version":[{"id":112,"href":"https:\/\/drnicolasnicolasjamin-urgentiste.fr\/index.php?rest_route=\/wp\/v2\/pages\/39\/revisions\/112"}],"wp:attachment":[{"href":"https:\/\/drnicolasnicolasjamin-urgentiste.fr\/index.php?rest_route=%2Fwp%2Fv2%2Fmedia&parent=39"}],"curies":[{"name":"wp","href":"https:\/\/api.w.org\/{rel}","templated":true}]}}